{"id":29312,"date":"2026-04-04T18:33:42","date_gmt":"2026-04-04T18:33:42","guid":{"rendered":"https:\/\/alstud.org.tr\/?page_id=29312"},"modified":"2026-04-09T09:06:55","modified_gmt":"2026-04-09T09:06:55","slug":"faaliyet-raporlari","status":"publish","type":"page","link":"https:\/\/alstud.org.tr\/en\/faaliyet-raporlari\/","title":{"rendered":"Faaliyet Raporlar\u0131"},"content":{"rendered":"<div data-elementor-type=\"wp-page\" data-elementor-id=\"29312\" class=\"elementor elementor-29312\">\n\t\t\t\t<div class=\"wd-negative-gap elementor-element elementor-element-48e18ce e-flex e-con-boxed e-con e-parent\" data-id=\"48e18ce\" data-element_type=\"container\" data-e-type=\"container\">\n\t\t\t\t\t<div class=\"e-con-inner\">\n\t\t\t\t<div class=\"elementor-element elementor-element-3ab7bc8 elementor-widget elementor-widget-html\" data-id=\"3ab7bc8\" data-element_type=\"widget\" data-e-type=\"widget\" data-widget_type=\"html.default\">\n\t\t\t\t\t<div class=\"alstud-corporate-page\">\r\n    <div class=\"alstud-accordion-container\">\r\n        \r\n        <header class=\"alstud-accordion-header\">\r\n            <span class=\"alstud-badge\">GEL\u0130\u015e\u0130M & \u0130STAT\u0130ST\u0130K<\/span>\r\n            <h1 class=\"alstud-main-title\">Faaliyet Raporlar\u0131<\/h1>\r\n            <div class=\"alstud-accent-line\"><\/div>\r\n            <p class=\"alstud-lead-text\">\r\n                Kurulu\u015fumuzdan bu yana ger\u00e7ekle\u015ftirdi\u011fimiz zirveler, sekt\u00f6rel raporlar ve uluslararas\u0131 i\u015f birliklerine ait detayl\u0131 dok\u00fcmanlar\u0131 a\u015fa\u011f\u0131dan inceleyebilirsiniz.\r\n            <\/p>\r\n        <\/header>\r\n\r\n        <div class=\"alstud-accordion-wrapper\">\r\n            <div class=\"alstud-acc-item\">\r\n                <button class=\"alstud-acc-header\">\r\n                    <span>Alanya Sa\u011fl\u0131k Turizmi Zirvesi Raporu<\/span>\r\n                    <div class=\"icon-box\">\r\n                        <svg width=\"20\" height=\"20\" viewbox=\"0 0 24 24\" fill=\"none\" stroke=\"currentColor\" stroke-width=\"2\" stroke-linecap=\"round\" stroke-linejoin=\"round\" class=\"plus-icon\"><line x1=\"12\" y1=\"5\" x2=\"12\" y2=\"19\"><\/line><line x1=\"5\" y1=\"12\" x2=\"19\" y2=\"12\"><\/line><\/svg>\r\n                    <\/div>\r\n                <\/button>\r\n                <div class=\"alstud-acc-content\">\r\n                    <div class=\"alstud-acc-inner\">\r\n                        <p>Antalya Kamu Hastaneler Birli\u011fi (AKHB) Genel Sekreterli\u011fi, Alanya Sa\u011fl\u0131k Turizmi Derne\u011fi (ALSTUD) ve Bat\u0131 Akdeniz Kalk\u0131nma Ajans\u0131 (BAKA) i\u015fbirli\u011fiyle Antalya\u2019da sa\u011fl\u0131k ve turizm sekt\u00f6rlerinin tamam\u0131n\u0131 kapsayan, b\u00f6lgenin turizm \u00e7e\u015fitlili\u011fini artt\u0131racak bir konsorsiyum i\u00e7in \u00e7al\u0131\u015fmalar\u0131na h\u0131z kazand\u0131rmak ve mevcut sorunlar\u0131na \u00e7\u00f6z\u00fcm yollar\u0131 aramak amac\u0131yla 19 Mart 2016, Cumartesi g\u00fcn\u00fc ger\u00e7ekle\u015ftirilen 1 Alanya Sa\u011fl\u0131k Turizmi Zirvesi raporuna <a href=\"https:\/\/alstud.org.tr\/wp-content\/uploads\/2026\/04\/2016-ylalanyasaglkturzimizirvesisonucraporu.pdf\" target=\"_blank\">buradaki linkten<\/a> ula\u015fabilirsiniz.<\/p>\r\n                    <\/div>\r\n                <\/div>\r\n            <\/div>\r\n\r\n            <div class=\"alstud-acc-item\">\r\n                <button class=\"alstud-acc-header\">\r\n                    <span>Sa\u011fl\u0131k Turizmi Profesyonelleri Raporu<\/span>\r\n                    <div class=\"icon-box\">\r\n                        <svg width=\"20\" height=\"20\" viewbox=\"0 0 24 24\" fill=\"none\" stroke=\"currentColor\" stroke-width=\"2\" stroke-linecap=\"round\" stroke-linejoin=\"round\" class=\"plus-icon\"><line x1=\"12\" y1=\"5\" x2=\"12\" y2=\"19\"><\/line><line x1=\"5\" y1=\"12\" x2=\"19\" y2=\"12\"><\/line><\/svg>\r\n                    <\/div>\r\n                <\/button>\r\n                <div class=\"alstud-acc-content\">\r\n                    <div class=\"alstud-acc-inner\">\r\n                        <p>Geli\u015fen d\u00fcnya ekonomisinde yeni bir trend olan sa\u011fl\u0131k turizmi kavram\u0131 son zamanlarda ad\u0131ndan s\u0131k\u00e7a bahsedilen bir konu haline gelmi\u015ftir. \u00dclkemizde sa\u011fl\u0131k alan\u0131nda son 10 y\u0131lda devrim niteli\u011finde yap\u0131lan olumlu y\u00f6ndeki de\u011fi\u015fikler, yak\u0131n \u00e7evremizdeki \u00fclkelerden gelen talepler, sa\u011fl\u0131k turizmi sekt\u00f6r\u00fcndeki di\u011fer rol alan ( turizm, sigorta, pazarlama, ula\u015f\u0131m, d\u0131\u015f ticaret, e\u011fitim, dan\u0131\u015fmanl\u0131k v s) sekt\u00f6rlerin beklentileri ve\r\netkileri, kamu sa\u011fl\u0131k sekt\u00f6r\u00fcndeki hizmet kalitesinin iyile\u015ftirilmesi ve uluslararas\u0131 standartlara y\u00fckselmesi, \u00fclkemizin turizm arenas\u0131nda d\u00fcnya devleri aras\u0131nda bulunmas\u0131 ve benzeri bir \u00e7ok olumlu etki sonucunda sa\u011fl\u0131k turizmi kendi dinamiklerini olu\u015fturmu\u015ftur. Raporun tamam\u0131na <a href=\"https:\/\/alstud.org.tr\/wp-content\/uploads\/2026\/04\/calstay-raporu.pdf\" target=\"_blank\">buradaki linkten<\/a> ula\u015fabilirsiniz.<\/p>\r\n                    <\/div>\r\n                <\/div>\r\n            <\/div>\r\n\r\n            <div class=\"alstud-acc-item\">\r\n                <button class=\"alstud-acc-header\">\r\n                    <span>\u00d6ZBEK-T\u00dcRK Fuar\u0131 Raporu<\/span>\r\n                    <div class=\"icon-box\">\r\n                        <svg width=\"20\" height=\"20\" viewbox=\"0 0 24 24\" fill=\"none\" stroke=\"currentColor\" stroke-width=\"2\" stroke-linecap=\"round\" stroke-linejoin=\"round\" class=\"plus-icon\"><line x1=\"12\" y1=\"5\" x2=\"12\" y2=\"19\"><\/line><line x1=\"5\" y1=\"12\" x2=\"19\" y2=\"12\"><\/line><\/svg>\r\n                    <\/div>\r\n                <\/button>\r\n                <div class=\"alstud-acc-content\">\r\n                    <div class=\"alstud-acc-inner\">\r\n                        <p>T\u00fcrkiye, insan\u0131 merkez alan sa\u011fl\u0131k hizmeti anlay\u0131\u015f\u0131 ve ger\u00e7ekle\u015ftirdi\u011fi sa\u011fl\u0131kta d\u00f6n\u00fc\u015f\u00fcm program\u0131 \u00e7er\u00e7evesinde ileri teknoloji altyap\u0131s\u0131, insan odakl\u0131 sa\u011fl\u0131k bilgi sistemleri ve kaliteli sa\u011fl\u0131k hizmetleri ile d\u00fcnyaya \u00f6rnek olacak ba\u015far\u0131lara imza atm\u0131\u015ft\u0131r. \u00d6zbekistan da sa\u011fl\u0131k alan\u0131nda ger\u00e7ekle\u015ftirdi\u011fi at\u0131l\u0131mlarla T\u00fcrkiye ile benzer bir d\u00f6n\u00fc\u015f\u00fcm s\u00fcrecine girmi\u015ftir. Her iki \u00fclkenin sa\u011fl\u0131k i\u015f \u00e7evrelerini bulu\u015fturan \u00d6zbek-T\u00fcrk Sa\u011fl\u0131k \u0130\u015f Forumu ve Fuar\u0131, elde edilen kazan\u0131mlarla yeni i\u015f ba\u011flant\u0131lar\u0131 kurma ve i\u015fbirli\u011fi f\u0131rsatlar\u0131n\u0131 daha ileriye ta\u015f\u0131ma a\u00e7\u0131s\u0131ndan \u00f6nemli bir a\u00e7\u0131l\u0131m sa\u011flamaktad\u0131r. Raporun tamam\u0131na <a href=\"https:\/\/docviewer.yandex.com.tr\/view\/0\/?page=7&*=jzEVvgj9PB0K1fMo4v2%2B0nUCpYp7InVybCI6InlhLWRpc2stcHVibGljOi8vU1BjL2JQTGlMR2ExUm04UElxVWpOK0d0TjA5RElmQ0g4RVEyRXJJcXdiQWIzOHpMNEtIaXU0NzEyb2Zrb0hHbCtiM25DS0xDVlRKK1NJbmFPVXZ2SFE9PTovV2ViIFNpdGVzaSBCZWxnZWxlci9PWkJFS1RVUktfMjAxOV9SQVBPUi5wZGYiLCJ0aXRsZSI6Ik9aQkVLVFVSS18yMDE5X1JBUE9SLnBkZiIsIm5vaWZyYW1lIjpmYWxzZSwidWlkIjoiMCIsInRzIjoxNzI5MjcwMTgwMTg4LCJ5dSI6IjgyODU5MjU2MTcyOTI2OTExNyJ9\" target=\"_blank\">buradaki linkten<\/a> ula\u015fabilirsiniz.<\/p>\r\n                    <\/div>\r\n                <\/div>\r\n            <\/div>\r\n\r\n            <div class=\"alstud-acc-item\">\r\n                <button class=\"alstud-acc-header\">\r\n                    <span>ALSTUD Kurulu\u015f Raporu<\/span>\r\n                    <div class=\"icon-box\">\r\n                        <svg width=\"20\" height=\"20\" viewbox=\"0 0 24 24\" fill=\"none\" stroke=\"currentColor\" stroke-width=\"2\" stroke-linecap=\"round\" stroke-linejoin=\"round\" class=\"plus-icon\"><line x1=\"12\" y1=\"5\" x2=\"12\" y2=\"19\"><\/line><line x1=\"5\" y1=\"12\" x2=\"19\" y2=\"12\"><\/line><\/svg>\r\n                    <\/div>\r\n                <\/button>\r\n                <div class=\"alstud-acc-content\">\r\n                    <div class=\"alstud-acc-inner\">\r\n                        <p>Derne\u011fimizin temel kurulu\u015f ama\u00e7lar\u0131 ve stratejik hedeflerini i\u00e7eren faaliyet raporudur.<\/p>\r\n                    <\/div>\r\n                <\/div>\r\n            <\/div>\r\n\r\n            <div class=\"alstud-acc-item\">\r\n                <button class=\"alstud-acc-header\">\r\n                    <span>SATUMER\u2019in \u00d6nerilmesi Raporu<\/span>\r\n                    <div class=\"icon-box\">\r\n                        <svg width=\"20\" height=\"20\" viewbox=\"0 0 24 24\" fill=\"none\" stroke=\"currentColor\" stroke-width=\"2\" stroke-linecap=\"round\" stroke-linejoin=\"round\" class=\"plus-icon\"><line x1=\"12\" y1=\"5\" x2=\"12\" y2=\"19\"><\/line><line x1=\"5\" y1=\"12\" x2=\"19\" y2=\"12\"><\/line><\/svg>\r\n                    <\/div>\r\n                <\/button>\r\n                <div class=\"alstud-acc-content\">\r\n                    <div class=\"alstud-acc-inner\">\r\n                        <p>SATUMER projesi kapsam\u0131nda haz\u0131rlanan \u00f6neri ve analiz raporu.<\/p>\r\n                    <\/div>\r\n                <\/div>\r\n            <\/div>\r\n\r\n            <div class=\"alstud-acc-item\">\r\n                <button class=\"alstud-acc-header\">\r\n                    <span>HESTOUREX Sonu\u00e7 Raporu<\/span>\r\n                    <div class=\"icon-box\">\r\n                        <svg width=\"20\" height=\"20\" viewbox=\"0 0 24 24\" fill=\"none\" stroke=\"currentColor\" stroke-width=\"2\" stroke-linecap=\"round\" stroke-linejoin=\"round\" class=\"plus-icon\"><line x1=\"12\" y1=\"5\" x2=\"12\" y2=\"19\"><\/line><line x1=\"5\" y1=\"12\" x2=\"19\" y2=\"12\"><\/line><\/svg>\r\n                    <\/div>\r\n                <\/button>\r\n                <div class=\"alstud-acc-content\">\r\n                    <div class=\"alstud-acc-inner\">\r\n                        <p>Hestourex, T\u00fcrkiye\u2019nin Sa\u011fl\u0131k, Spor ve Alternatif Turizm alan\u0131ndaki potansiyelini tan\u0131tmak ve t\u00fcm y\u0131l boyunca s\u00fcrd\u00fcr\u00fclebilir bir turizm geli\u015ftirmek amac\u0131yla kurulan ilk ve tek multidisipliner platformdur.\r\nHestourex\u2019in \u00fc\u00e7\u00fcnc\u00fcs\u00fc 4-7 Nisan 2019 tarihinde Antalya ANFA\u015e EXPO Center\u2019da ger\u00e7ekle\u015ftirilmi\u015ftir.\r\nHestourex, Aktuel Expo \u015eirketi taraf\u0131ndan T\u00fcrkiye Cumhuriyeti Cumhurba\u015fkanl\u0131\u011f\u0131 himayesinde\r\nd\u00fczenlenmi\u015f lup, D\u0131\u015fi\u015fleri Bakanl\u0131\u011f\u0131, K\u00fclt\u00fcr ve Turizm Bakanl\u0131\u011f\u0131, Sanayi ve Teknoloji Bakanl\u0131\u011f\u0131, Sa\u011fl\u0131k\r\nBakanl\u0131\u011f\u0131 ve Gen\u00e7lik ve Spor Bakanl\u0131\u011f\u0131, Ticaret Bakanl\u0131\u011f\u0131 taraf\u0131ndan desteklenmektedir.Raporun tamam\u0131na <a href=\"https:\/\/docviewer.yandex.com.tr\/view\/0\/?page=3&*=8FFMM%2BsrsH4Yfp0gTo773OQ0UqR7InVybCI6InlhLWRpc2stcHVibGljOi8vU1BjL2JQTGlMR2ExUm04UElxVWpOK0d0TjA5RElmQ0g4RVEyRXJJcXdiQWIzOHpMNEtIaXU0NzEyb2Zrb0hHbCtiM25DS0xDVlRKK1NJbmFPVXZ2SFE9PTovV2ViIFNpdGVzaSBCZWxnZWxlci9IZXN0b3VyZXhSYXBvci5wZGYiLCJ0aXRsZSI6Ikhlc3RvdXJleFJhcG9yLnBkZiIsIm5vaWZyYW1lIjpmYWxzZSwidWlkIjoiMCIsInRzIjoxNzI5MjcwMzU0MzMzLCJ5dSI6IjgyODU5MjU2MTcyOTI2OTExNyJ9\" target=\"_blank\">buradaki linkten<\/a> ula\u015fabilirsiniz. <\/p>\r\n                    <\/div>\r\n                <\/div>\r\n            <\/div>\r\n        <\/div>\r\n    <\/div>\r\n<\/div>\r\n\r\n<style>\r\n    @import url('https:\/\/fonts.googleapis.com\/css2?family=Poppins:wght@300;400;500;600;700;800&display=swap');\r\n\r\n    html, body {\r\n        margin: 0;\r\n        padding: 0;\r\n        width: 100%;\r\n        overflow-x: hidden;\r\n        font-family: 'Poppins', sans-serif;\r\n    }\r\n\r\n    :root {\r\n        --alstud-primary: #0f172a;\r\n        --alstud-accent: #0ea5e9;\r\n        --alstud-text: #475569;\r\n        --alstud-light: #f8fafc;\r\n        --alstud-border: #e2e8f0;\r\n    }\r\n\r\n    .alstud-corporate-page,\r\n    .alstud-corporate-page * {\r\n        box-sizing: border-box;\r\n        font-family: 'Poppins', sans-serif;\r\n    }\r\n\r\n    .alstud-corporate-page {\r\n        width: 100%;\r\n        margin: 0;\r\n        padding: 0;\r\n    }\r\n\r\n    .alstud-accordion-container {\r\n        width: 100%;\r\n        max-width: 1468px;\r\n        margin: 0 auto;\r\n        padding: 0;\r\n    }\r\n\r\n    .alstud-accordion-header {\r\n        text-align: center;\r\n        margin: 0 0 40px 0;\r\n        padding: 0;\r\n    }\r\n\r\n    .alstud-badge {\r\n        display: inline-block;\r\n        padding: 6px 16px;\r\n        background: rgba(14, 165, 233, 0.1);\r\n        color: var(--alstud-accent);\r\n        font-size: 12px;\r\n        font-weight: 700;\r\n        letter-spacing: 2px;\r\n        border-radius: 50px;\r\n        margin-bottom: 15px;\r\n        text-transform: uppercase;\r\n    }\r\n\r\n    .alstud-main-title {\r\n        font-size: clamp(32px, 5vw, 42px);\r\n        font-weight: 800;\r\n        color: var(--alstud-primary);\r\n        letter-spacing: -0.5px;\r\n        margin: 0 0 25px 0;\r\n    }\r\n\r\n    .alstud-accent-line {\r\n        width: 60px;\r\n        height: 4px;\r\n        background: var(--alstud-accent);\r\n        margin: 0 auto 25px;\r\n        border-radius: 2px;\r\n    }\r\n\r\n    .alstud-lead-text {\r\n        font-size: 16px;\r\n        color: var(--alstud-text);\r\n        line-height: 1.7;\r\n        max-width: 700px;\r\n        margin: 0 auto;\r\n    }\r\n\r\n    .alstud-accordion-wrapper {\r\n        display: flex;\r\n        flex-direction: column;\r\n        gap: 15px;\r\n        width: 100%;\r\n    }\r\n\r\n    .alstud-acc-item {\r\n        background: #ffffff;\r\n        border: 1px solid var(--alstud-border);\r\n        border-radius: 12px;\r\n        overflow: hidden;\r\n        transition: all 0.3s ease;\r\n    }\r\n\r\n    .alstud-acc-item:hover {\r\n        border-color: #cbd5e1;\r\n        box-shadow: 0 4px 15px rgba(15, 23, 42, 0.03);\r\n    }\r\n\r\n    .alstud-acc-item.active {\r\n        border-color: var(--alstud-accent);\r\n        box-shadow: 0 10px 30px rgba(14, 165, 233, 0.08);\r\n    }\r\n\r\n    .alstud-acc-header {\r\n        width: 100%;\r\n        padding: 22px 25px;\r\n        background: none;\r\n        border: none;\r\n        display: flex;\r\n        justify-content: space-between;\r\n        align-items: center;\r\n        cursor: pointer;\r\n        outline: none;\r\n        transition: 0.3s;\r\n    }\r\n\r\n    .alstud-acc-header span {\r\n        font-size: 16px;\r\n        font-weight: 600;\r\n        color: var(--alstud-primary);\r\n        text-align: left;\r\n        transition: color 0.3s;\r\n    }\r\n\r\n    .alstud-acc-header:hover span {\r\n        color: var(--alstud-accent);\r\n    }\r\n\r\n    .active .alstud-acc-header span {\r\n        color: var(--alstud-accent);\r\n    }\r\n\r\n    .icon-box {\r\n        width: 32px;\r\n        height: 32px;\r\n        border-radius: 8px;\r\n        background: var(--alstud-light);\r\n        display: flex;\r\n        align-items: center;\r\n        justify-content: center;\r\n        color: var(--alstud-text);\r\n        transition: all 0.3s ease;\r\n        flex-shrink: 0;\r\n    }\r\n\r\n    .plus-icon {\r\n        transition: transform 0.4s cubic-bezier(0.25, 0.46, 0.45, 0.94);\r\n    }\r\n\r\n    .active .icon-box {\r\n        background: var(--alstud-accent);\r\n        color: #ffffff;\r\n    }\r\n\r\n    .active .plus-icon {\r\n        transform: rotate(135deg);\r\n    }\r\n\r\n    .alstud-acc-content {\r\n        max-height: 0;\r\n        overflow: hidden;\r\n        transition: max-height 0.4s cubic-bezier(0.25, 0.46, 0.45, 0.94);\r\n        background-color: #ffffff;\r\n    }\r\n\r\n    .alstud-acc-inner {\r\n        padding: 0 25px 25px 25px;\r\n        border-top: 1px dashed transparent;\r\n        transition: border-color 0.3s;\r\n    }\r\n\r\n    .active .alstud-acc-inner {\r\n        border-top-color: var(--alstud-border);\r\n        margin-top: 10px;\r\n        padding-top: 20px;\r\n    }\r\n\r\n    .alstud-acc-inner p {\r\n        font-size: 15px;\r\n        line-height: 1.7;\r\n        color: var(--alstud-text);\r\n        margin: 0;\r\n        text-align: justify;\r\n    }\r\n\r\n    .alstud-acc-inner a {\r\n        color: var(--alstud-accent);\r\n        font-weight: 600;\r\n        text-decoration: none;\r\n        border-bottom: 1px solid transparent;\r\n        transition: all 0.3s ease;\r\n    }\r\n\r\n    .alstud-acc-inner a:hover {\r\n        border-bottom-color: var(--alstud-accent);\r\n        color: var(--alstud-primary);\r\n    }\r\n\r\n    @media (max-width: 1468px) {\r\n        .alstud-accordion-container {\r\n            padding-left: 20px;\r\n            padding-right: 20px;\r\n        }\r\n    }\r\n\r\n    @media (max-width: 768px) {\r\n        .alstud-accordion-header {\r\n            margin-bottom: 30px;\r\n        }\r\n\r\n        .alstud-acc-header {\r\n            padding: 20px;\r\n        }\r\n\r\n        .alstud-acc-header span {\r\n            font-size: 15px;\r\n            padding-right: 15px;\r\n        }\r\n\r\n        .alstud-acc-inner {\r\n            padding: 0 20px 20px 20px;\r\n        }\r\n\r\n        .alstud-main-title {\r\n            font-size: 28px;\r\n        }\r\n\r\n        .alstud-lead-text {\r\n            font-size: 15px;\r\n        }\r\n    }\r\n<\/style>\r\n\r\n<script>\r\n    document.querySelectorAll('.alstud-acc-header').forEach(button => {\r\n        button.addEventListener('click', () => {\r\n            const currentItem = button.parentElement;\r\n            const accordionContent = currentItem.querySelector('.alstud-acc-content');\r\n\r\n            currentItem.classList.toggle('active');\r\n\r\n            if (currentItem.classList.contains('active')) {\r\n                accordionContent.style.maxHeight = accordionContent.scrollHeight + \"px\";\r\n            } else {\r\n                accordionContent.style.maxHeight = null;\r\n            }\r\n        });\r\n    });\r\n<\/script>\t\t\t\t<\/div>\n\t\t\t\t\t<\/div>\n\t\t\t\t<\/div>\n\t\t\t\t<\/div>","protected":false},"excerpt":{"rendered":"<p>GEL\u0130\u015e\u0130M &#038; \u0130STAT\u0130ST\u0130K Faaliyet Raporlar\u0131 Kurulu\u015fumuzdan bu yana ger\u00e7ekle\u015ftirdi\u011fimiz zirveler, sekt\u00f6rel raporlar ve uluslararas\u0131 i\u015f birliklerine ait detayl\u0131 dok\u00fcmanlar\u0131 a\u015fa\u011f\u0131dan<\/p>","protected":false},"author":1,"featured_media":0,"parent":0,"menu_order":0,"comment_status":"closed","ping_status":"closed","template":"","meta":{"_joinchat":[],"footnotes":""},"class_list":["post-29312","page","type-page","status-publish","hentry"],"_hostinger_reach_plugin_has_subscription_block":false,"_hostinger_reach_plugin_is_elementor":false,"_links":{"self":[{"href":"https:\/\/alstud.org.tr\/en\/wp-json\/wp\/v2\/pages\/29312","targetHints":{"allow":["GET"]}}],"collection":[{"href":"https:\/\/alstud.org.tr\/en\/wp-json\/wp\/v2\/pages"}],"about":[{"href":"https:\/\/alstud.org.tr\/en\/wp-json\/wp\/v2\/types\/page"}],"author":[{"embeddable":true,"href":"https:\/\/alstud.org.tr\/en\/wp-json\/wp\/v2\/users\/1"}],"replies":[{"embeddable":true,"href":"https:\/\/alstud.org.tr\/en\/wp-json\/wp\/v2\/comments?post=29312"}],"version-history":[{"count":13,"href":"https:\/\/alstud.org.tr\/en\/wp-json\/wp\/v2\/pages\/29312\/revisions"}],"predecessor-version":[{"id":29444,"href":"https:\/\/alstud.org.tr\/en\/wp-json\/wp\/v2\/pages\/29312\/revisions\/29444"}],"wp:attachment":[{"href":"https:\/\/alstud.org.tr\/en\/wp-json\/wp\/v2\/media?parent=29312"}],"curies":[{"name":"wp","href":"https:\/\/api.w.org\/{rel}","templated":true}]}}