{"id":29544,"date":"2026-04-13T14:25:05","date_gmt":"2026-04-13T14:25:05","guid":{"rendered":"https:\/\/alstud.org.tr\/?page_id=29544"},"modified":"2026-04-13T14:25:34","modified_gmt":"2026-04-13T14:25:34","slug":"genclik-ve-spor-bakanligi","status":"publish","type":"page","link":"https:\/\/alstud.org.tr\/en\/genclik-ve-spor-bakanligi\/","title":{"rendered":"Gen\u00e7lik ve Spor Bakanl\u0131\u011f\u0131"},"content":{"rendered":"<div data-elementor-type=\"wp-page\" data-elementor-id=\"29544\" class=\"elementor elementor-29544\">\n\t\t\t\t<div class=\"wd-negative-gap elementor-element elementor-element-48e18ce e-flex e-con-boxed e-con e-parent\" data-id=\"48e18ce\" data-element_type=\"container\" data-e-type=\"container\">\n\t\t\t\t\t<div class=\"e-con-inner\">\n\t\t\t\t<div class=\"elementor-element elementor-element-3ab7bc8 elementor-widget elementor-widget-html\" data-id=\"3ab7bc8\" data-element_type=\"widget\" data-e-type=\"widget\" data-widget_type=\"html.default\">\n\t\t\t\t\t<div class=\"alstud-corporate-page\">\r\n    <div class=\"alstud-legislation-layout\">\r\n\r\n        <header class=\"leg-hero\">\r\n            <span class=\"alstud-badge\">Gen\u00e7lik ve Spor Bakanl\u0131\u011f\u0131<\/span>\r\n            <h1 class=\"leg-title\">Mevzuat ve Resm\u00ee Gazete<br>Kararlar\u0131<\/h1>\r\n            <div class=\"alstud-accent-line\"><\/div>\r\n        <\/header>\r\n\r\n        <div class=\"leg-content-wrapper\">\r\n\r\n            <nav class=\"leg-back-wrap\" aria-label=\"\u0130\u00e7 sayfa gezintisi\">\r\n                <a href=\"https:\/\/alstud.org.tr\/en\/mevzuat\/\" class=\"leg-back-link\">\r\n                    <svg width=\"18\" height=\"18\" viewbox=\"0 0 24 24\" fill=\"none\" stroke=\"currentColor\" stroke-width=\"2\" stroke-linecap=\"round\" stroke-linejoin=\"round\" aria-hidden=\"true\"><line x1=\"19\" y1=\"12\" x2=\"5\" y2=\"12\"><\/line><polyline points=\"12 19 5 12 12 5\"><\/polyline><\/svg>\r\n                    Mevzuat sayfas\u0131na d\u00f6n\r\n                <\/a>\r\n            <\/nav>\r\n\r\n            <section class=\"leg-card\">\r\n                <div class=\"leg-card-header\">\r\n                    <h2>Mevzuat<\/h2>\r\n                <\/div>\r\n                <div class=\"leg-body leg-body--shell\"><\/div>\r\n            <\/section>\r\n\r\n        <\/div>\r\n    <\/div>\r\n<\/div>\r\n\r\n<style>\r\n@import url('https:\/\/fonts.googleapis.com\/css2?family=Poppins:wght@300;400;500;600;700;800&display=swap');\r\n\r\nhtml, body {\r\n    margin: 0;\r\n    padding: 0;\r\n    width: 100%;\r\n    overflow-x: hidden;\r\n}\r\n\r\n:root {\r\n    --alstud-primary: #0f172a;\r\n    --alstud-accent: #0ea5e9;\r\n    --alstud-text: #475569;\r\n    --alstud-light: #f8fafc;\r\n    --alstud-border: #e2e8f0;\r\n}\r\n\r\n* {\r\n    box-sizing: border-box;\r\n}\r\n\r\n.alstud-corporate-page,\r\n.alstud-legislation-layout {\r\n    width: 100%;\r\n    margin: 0;\r\n    padding: 0;\r\n    font-family: 'Poppins', sans-serif;\r\n    background: var(--alstud-light);\r\n}\r\n\r\n.alstud-corporate-page * {\r\n    font-family: 'Poppins', sans-serif;\r\n}\r\n\r\n.leg-hero {\r\n    text-align: center;\r\n    margin: 0 0 40px 0;\r\n    padding: 24px 12px 0 12px;\r\n}\r\n\r\n.leg-content-wrapper {\r\n    width: 100%;\r\n    max-width: 1468px;\r\n    margin: 0 auto;\r\n    padding: 0 12px 24px;\r\n}\r\n\r\n.leg-back-wrap {\r\n    margin: 0 0 20px 0;\r\n}\r\n\r\n.leg-back-link {\r\n    display: inline-flex;\r\n    align-items: center;\r\n    gap: 8px;\r\n    color: var(--alstud-accent);\r\n    font-weight: 600;\r\n    text-decoration: none;\r\n    font-size: 14px;\r\n}\r\n\r\n.leg-back-link:hover {\r\n    text-decoration: underline;\r\n}\r\n\r\n.leg-card {\r\n    width: 100%;\r\n    background: #fff;\r\n    border: 2px solid var(--alstud-accent);\r\n    border-radius: 24px;\r\n    padding: 40px;\r\n    margin: 0 0 24px 0;\r\n    box-shadow: 0 10px 30px rgba(14, 165, 233, 0.05);\r\n}\r\n\r\n.leg-card-header {\r\n    margin-bottom: 30px;\r\n    border-bottom: 1px solid var(--alstud-border);\r\n    padding-bottom: 25px;\r\n}\r\n\r\n.leg-card-header h2 {\r\n    font-size: 26px;\r\n    font-weight: 800;\r\n    color: var(--alstud-primary);\r\n    margin: 15px 0 0 0;\r\n    letter-spacing: -0.5px;\r\n    line-height: 1.3;\r\n}\r\n\r\n.leg-card-header h2:first-child {\r\n    margin-top: 0;\r\n}\r\n\r\n.alstud-badge {\r\n    display: inline-block;\r\n    background: rgba(14, 165, 233, 0.1);\r\n    color: var(--alstud-accent);\r\n    font-size: 12px;\r\n    font-weight: 700;\r\n    letter-spacing: 2px;\r\n    padding: 6px 20px;\r\n    border-radius: 50px;\r\n    margin-bottom: 15px;\r\n    text-transform: uppercase;\r\n}\r\n\r\n.leg-title {\r\n    font-size: clamp(32px, 5vw, 46px);\r\n    font-weight: 800;\r\n    color: var(--alstud-primary);\r\n    letter-spacing: -1px;\r\n    margin: 0 0 20px 0;\r\n    line-height: 1.2;\r\n}\r\n\r\n.alstud-accent-line {\r\n    width: 60px;\r\n    height: 4px;\r\n    background: var(--alstud-accent);\r\n    margin: 0 auto;\r\n    border-radius: 2px;\r\n}\r\n\r\n.status-pill {\r\n    display: inline-block;\r\n    font-size: 11px;\r\n    font-weight: 700;\r\n    padding: 6px 14px;\r\n    border-radius: 8px;\r\n    color: #fff;\r\n    letter-spacing: 1px;\r\n}\r\n.status-pill.blue { background: #3b82f6; }\r\n.status-pill.red { background: #ef4444; }\r\n.status-pill.green { background: #10b981; }\r\n.status-pill.dark { background: var(--alstud-primary); }\r\n\r\n.leg-body p {\r\n    font-size: 15px;\r\n    color: var(--alstud-text);\r\n    margin: 0 0 20px 0;\r\n    text-align: justify;\r\n}\r\n\r\n.leg-body--shell {\r\n    min-height: 48px;\r\n}\r\n\r\n.alstud-alert-box {\r\n    display: flex;\r\n    align-items: flex-start;\r\n    gap: 15px;\r\n    padding: 25px;\r\n    border-radius: 16px;\r\n    margin: 30px 0;\r\n    font-size: 14.5px;\r\n    line-height: 1.7;\r\n}\r\n\r\n.alstud-alert-box svg {\r\n    flex-shrink: 0;\r\n    margin-top: 3px;\r\n    width: 20px;\r\n    height: 20px;\r\n}\r\n\r\n.alstud-alert-box strong {\r\n    font-weight: 700;\r\n}\r\n\r\n.alstud-alert-text > strong:first-child {\r\n    display: block;\r\n    margin-bottom: 8px;\r\n    font-size: 16px;\r\n}\r\n\r\n.alstud-alert-box.info-alert > div > strong:first-child {\r\n    display: block;\r\n    margin-bottom: 6px;\r\n    font-size: 16px;\r\n}\r\n\r\n.info-alert { background: rgba(14, 165, 233, 0.05); border: 1px solid rgba(14, 165, 233, 0.2); color: var(--alstud-primary); }\r\n.info-alert svg { color: var(--alstud-accent); }\r\n\r\n.warning-alert { background: rgba(245, 158, 11, 0.05); border: 1px solid rgba(245, 158, 11, 0.2); color: var(--alstud-primary); }\r\n.warning-alert svg { color: #f59e0b; }\r\n\r\n.success-alert { background: rgba(16, 185, 129, 0.05); border: 1px solid rgba(16, 185, 129, 0.2); color: var(--alstud-primary); }\r\n.success-alert svg { color: #10b981; }\r\n\r\n.alstud-btn-link {\r\n    display: inline-flex;\r\n    align-items: center;\r\n    gap: 10px;\r\n    background: var(--alstud-primary);\r\n    color: #fff !important;\r\n    padding: 16px 30px;\r\n    text-decoration: none;\r\n    border-radius: 12px;\r\n    font-weight: 600;\r\n    font-size: 14px;\r\n    margin-top: 10px;\r\n}\r\n\r\n.warning-alert .alstud-alert-text {\r\n    flex: 1;\r\n    min-width: 0;\r\n}\r\n\r\n.alstud-alert-text p {\r\n    margin: 10px 0 0 0;\r\n    text-align: justify;\r\n    font-size: 14.5px;\r\n    line-height: 1.7;\r\n    color: var(--alstud-primary);\r\n}\r\n\r\n.alstud-alert-text p + p {\r\n    margin-top: 12px;\r\n}\r\n\r\n@media (max-width: 992px) {\r\n    .leg-card {\r\n        padding: 28px 20px;\r\n    }\r\n}\r\n\r\n@media (max-width: 768px) {\r\n    .leg-hero {\r\n        padding: 20px 10px 0;\r\n        margin-bottom: 24px;\r\n    }\r\n\r\n    .leg-content-wrapper {\r\n        padding: 0 10px 20px;\r\n    }\r\n\r\n    .leg-card {\r\n        padding: 22px 16px;\r\n        border-radius: 18px;\r\n    }\r\n\r\n    .leg-title {\r\n        font-size: 24px;\r\n        line-height: 1.25;\r\n    }\r\n\r\n    .leg-card-header h2 {\r\n        font-size: 18px;\r\n        line-height: 1.35;\r\n    }\r\n\r\n    .alstud-alert-box {\r\n        padding: 18px;\r\n        gap: 12px;\r\n    }\r\n\r\n    .alstud-alert-box > div:not(.alstud-alert-text) {\r\n        min-width: 0;\r\n    }\r\n}\r\n<\/style>\r\n\t\t\t\t<\/div>\n\t\t\t\t\t<\/div>\n\t\t\t\t<\/div>\n\t\t\t\t<\/div>","protected":false},"excerpt":{"rendered":"<p>Gen\u00e7lik ve Spor Bakanl\u0131\u011f\u0131 Mevzuat ve Resm\u00ee GazeteKararlar\u0131 Mevzuat sayfas\u0131na d\u00f6n Mevzuat<\/p>","protected":false},"author":2,"featured_media":0,"parent":0,"menu_order":0,"comment_status":"closed","ping_status":"closed","template":"","meta":{"_joinchat":[],"footnotes":""},"class_list":["post-29544","page","type-page","status-publish","hentry"],"_hostinger_reach_plugin_has_subscription_block":false,"_hostinger_reach_plugin_is_elementor":false,"_links":{"self":[{"href":"https:\/\/alstud.org.tr\/en\/wp-json\/wp\/v2\/pages\/29544","targetHints":{"allow":["GET"]}}],"collection":[{"href":"https:\/\/alstud.org.tr\/en\/wp-json\/wp\/v2\/pages"}],"about":[{"href":"https:\/\/alstud.org.tr\/en\/wp-json\/wp\/v2\/types\/page"}],"author":[{"embeddable":true,"href":"https:\/\/alstud.org.tr\/en\/wp-json\/wp\/v2\/users\/2"}],"replies":[{"embeddable":true,"href":"https:\/\/alstud.org.tr\/en\/wp-json\/wp\/v2\/comments?post=29544"}],"version-history":[{"count":4,"href":"https:\/\/alstud.org.tr\/en\/wp-json\/wp\/v2\/pages\/29544\/revisions"}],"predecessor-version":[{"id":29548,"href":"https:\/\/alstud.org.tr\/en\/wp-json\/wp\/v2\/pages\/29544\/revisions\/29548"}],"wp:attachment":[{"href":"https:\/\/alstud.org.tr\/en\/wp-json\/wp\/v2\/media?parent=29544"}],"curies":[{"name":"wp","href":"https:\/\/api.w.org\/{rel}","templated":true}]}}